{"id":5644,"date":"2022-08-17T14:50:29","date_gmt":"2022-08-17T05:50:29","guid":{"rendered":"https:\/\/www.n-denkei.com\/vietnam\/?page_id=5644"},"modified":"2023-04-21T14:59:51","modified_gmt":"2023-04-21T05:59:51","slug":"privacy-policy","status":"publish","type":"page","link":"https:\/\/www.n-denkei.com\/vietnam\/about\/privacy-policy\/","title":{"rendered":"Privacy Policy"},"content":{"rendered":"<style>\n    .sbtit1 {font-size:130%;\n        font-weight:bold;\n            }\n    .sbtit2  {font-size:110%;\n        font-weight:bold;\n    }\n    .comn {font-size:90%;\n            font-weight:normal;\n           }<\/p>\n<\/style>\n<div align=\"center\">\n<div style=\"width: 90%; margin-top: 40px; background-color: #E8E8E8;   text-align: center; padding:15px 0px;\">\n<h1 style=\"font-size: 170%; font-weight:bold; \">Cam k\u1ebft b\u1ea3o v\u1ec7 quy\u1ec1n ri\u00eang t\u01b0 d\u1eef li\u1ec7u<\/h1>\n<\/p><\/div>\n<\/p><\/div>\n<div align=\"center\">\n<div  style=\"width: 90%; margin-top: 40px;text-align:left;\">\n<ol class=\"list-style-1 sbtit1\">\n<div class=\"comn\">\n<ul style=\"list-style-type: none;\">\n<li>C\u00f4ng ty TNHH <span style=\"font-weight:bold;font-size: 96%;font-family: sans-serif;\">Nihon Denkei Vi\u1ec7t Nam<\/span>(sau \u0111\u00e2y g\u1ecdi l\u00e0 \u201cNDV\u201d) thu th\u1eadp v\u00e0 s\u1eed d\u1ee5ng th\u00f4ng tin c\u00e1 nh\u00e2n c\u1ee7a b\u1ea1n li\u00ean quan \u0111\u1ebfn c\u00e1c trang web, \u1ee9ng d\u1ee5ng, s\u1ea3n ph\u1ea9m v\u00e0 d\u1ecbch v\u1ee5 c\u1ee7a Denkei Vi\u1ec7t Nam (g\u1ecdi chung l\u00e0 \u201cS\u1ea3n ph\u1ea9m c\u1ee7a NDV\u201d) theo c\u00e1ch th\u1ee9c \u0111\u01b0\u1ee3c ch\u1ec9 \u0111\u1ecbnh trong Ch\u00ednh s\u00e1ch Quy\u1ec1n ri\u00eang t\u01b0 n\u00e0y.<\/li>\n<p><\/p>\n<li>B\u1ea5t k\u1ef3 s\u1ea3n ph\u1ea9m, d\u1ecbch v\u1ee5, trang web ho\u1eb7c n\u1ed9i dung n\u00e0o do b\u00ean th\u1ee9 ba cung c\u1ea5p ho\u1eb7c c\u00f3 Ch\u00ednh s\u00e1ch quy\u1ec1n ri\u00eang t\u01b0 c\u1ee7a ri\u00eang h\u1ecd \u0111\u1ec1u kh\u00f4ng thu\u1ed9c ph\u1ea1m vi \u0111i\u1ec1u ch\u1ec9nh c\u1ee7a Ch\u00ednh s\u00e1ch quy\u1ec1n ri\u00eang t\u01b0 n\u00e0y.<\/li>\n<p><\/p>\n<li>Ch\u00ednh s\u00e1ch b\u1ea3o m\u1eadt n\u00e0y bao g\u1ed3m c\u00e1c n\u1ed9i dung sau:<\/li>\n<\/ul><\/div>\n<li style=\"font-family: sans-serif;\">Nh\u1eefng g\u00ec ch\u00fang t\u00f4i thu th\u1eadp<\/li>\n<div class=\"comn\">\n<ul style=\"list-style-type: none;\">\n<li>Ch\u00fang t\u00f4i c\u00f3 th\u1ec3 thu th\u1eadp th\u00f4ng tin c\u00e1 nh\u00e2n c\u1ee7a b\u1ea1n trong qu\u00e1 tr\u00ecnh cung c\u1ea5p S\u1ea3n ph\u1ea9m c\u1ee7a Denkei Vi\u1ec7t Nam cho b\u1ea1n. Vi\u1ec7c thu th\u1eadp th\u00f4ng tin c\u00e1 nh\u00e2n c\u1ee7a b\u1ea1n, s\u1ebd \u0111\u01b0\u1ee3c th\u1ef1c hi\u1ec7n theo Ch\u00ednh s\u00e1ch quy\u1ec1n ri\u00eang t\u01b0 n\u00e0y, cho c\u00e1c vi\u1ec7c c\u00f3 li\u00ean quan \u0111\u1ebfn S\u1ea3n ph\u1ea9m c\u1ee7a NDV v\u00e0 theo s\u1ef1 cho ph\u00e9p c\u1ee7a lu\u1eadt ph\u00e1p hi\u1ec7n h\u00e0nh cho c\u00e1c v\u1ea5n \u0111\u1ec1 li\u00ean quan \u0111\u1ebfn b\u1ea3o v\u1ec7 d\u1eef li\u1ec7u.<\/li>\n<p><\/p>\n<li>C\u00e1c th\u00f4ng tin c\u1ee7a ng\u01b0\u1eddi d\u00f9ng m\u00e0 NDV s\u1ebd thu th\u1eadp nh\u01b0 sau:<\/li>\n<p><\/p>\n<li>a) H\u1ecd v\u00e0 t\u00ean; <\/li>\n<p><\/p>\n<li>b) S\u1ed1 \u0111i\u1ec7n tho\u1ea1i;<\/li>\n<p><\/p>\n<li>c) T\u00ean c\u00f4ng ty c\u1ee7a b\u1ea1n; <\/li>\n<p><\/p>\n<li>d) Th\u01b0 \u0111i\u1ec7n t\u1eed; <\/li>\n<p><\/p>\n<li>e) \u0110\u1ecba ch\u1ec9;<\/li>\n<p><\/p>\n<li>\u0110\u1ed1i v\u1edbi m\u1ed7i m\u1ee5c \u0111\u00edch thu th\u1eadp c\u1ee5 th\u1ec3 kh\u00e1c, t\u00f9y t\u1eebng th\u1eddi \u0111i\u1ec3m NDV c\u00f3 th\u1ec3 y\u00eau c\u1ea7u ng\u01b0\u1eddi d\u00f9ng cung c\u1ea5p th\u00eam th\u00f4ng tin \u0111\u1ec3 trao \u0111\u1ed5i c\u00f4ng vi\u1ec7c v\u1edbi s\u1ef1 cho ph\u00e9p c\u1ee7a ng\u01b0\u1eddi d\u00f9ng ho\u1eb7c \u0111\u1ec3 \u0111\u1ea3m b\u1ea3o vi\u1ec7c k\u1ebft n\u1ed1i gi\u1eefa NDV v\u00e0 Ng\u01b0\u1eddi d\u00f9ng \u0111\u01b0\u1ee3c th\u00f4ng su\u1ed1t, thu\u1eadn ti\u1ec7n.<\/li>\n<p><\/p>\n<li>\u0110\u1ed1i v\u1edbi ph\u1ea1m vi thu th\u1eadp Th\u00f4ng tin \u0111\u01b0\u1ee3c \u0111\u1ec1 c\u1eadp trong Ch\u00ednh s\u00e1ch n\u00e0y, ng\u01b0\u1eddi d\u00f9ng c\u00f3 th\u1ec3 l\u1ef1a ch\u1ecdn cung c\u1ea5p ho\u1eb7c t\u1eeb ch\u1ed1i cung c\u1ea5p Th\u00f4ng tin cho NDV.<\/li>\n<\/ul>\n<\/div>\n<li style=\"font-family: sans-serif;\">Ph\u1ea1m vi s\u1eed d\u1ee5ng th\u00f4ng tin<\/li>\n<div class=\"comn\">\n<ul style=\"list-style-type: none;\">\n<li>Th\u00f4ng tin c\u00e1 nh\u00e2n c\u1ee7a b\u1ea1n c\u00f3 th\u1ec3 \u0111\u01b0\u1ee3c s\u1eed d\u1ee5ng \u0111\u1ec3 qu\u1ea3n l\u00fd, ph\u00e2n ph\u1ed1i v\u00e0 c\u1ea3i thi\u1ec7n <span style=\"font-weight:bold;font-size: 96%;font-family: sans-serif;\">S\u1ea3n ph\u1ea9m c\u1ee7a NDV.<\/span><\/li>\n<p><\/p>\n<li>\n            Ch\u00fang t\u00f4i thu th\u1eadp Th\u00f4ng tin Ng\u01b0\u1eddi d\u00f9ng ch\u1ee7 y\u1ebfu nh\u1eb1m m\u1ee5c \u0111\u00edch h\u1ed7 tr\u1ee3 v\u00e0 duy tr\u00ec m\u1ed1i quan h\u1ec7 v\u1edbi Ng\u01b0\u1eddi d\u00f9ng nh\u01b0:\n            <\/li>\n<li>\n                \u2022\u3000Duy tr\u00ec li\u00ean l\u1ea1c v\u1edbi ng\u01b0\u1eddi d\u00f9ng, gi\u1ea3i \u0111\u00e1p c\u00e1c th\u1eafc m\u1eafc c\u1ee7a ng\u01b0\u1eddi d\u00f9ng li\u00ean quan \u0111\u1ebfn S\u1ea3n ph\u1ea9m v\u00e0 D\u1ecbch v\u1ee5 c\u1ee7a NDV;<br \/>\n                \u2022\u3000G\u1eedi th\u01b0 ng\u1ecf, th\u01b0 c\u1ea3m \u01a1n;<br \/>\n                \u2022\u3000Th\u00f4ng b\u00e1o cho ng\u01b0\u1eddi d\u00f9ng th\u00f4ng tin khuy\u1ebfn m\u1ea1i, qu\u1ea3ng c\u00e1o ho\u1eb7c cho c\u00e1c m\u1ee5c \u0111\u00edch ti\u1ebfp th\u1ecb.\n                <\/li>\n<p><\/br><\/p>\n<li>\n                NDV thu th\u1eadp Th\u00f4ng tin nh\u1eb1m ph\u1ee5c v\u1ee5 m\u1ee5c \u0111\u00edch n\u00e2ng cao ch\u1ea5t l\u01b0\u1ee3ng c\u1ee7a D\u1ecbch v\u1ee5 nh\u01b0:\n                    <\/li>\n<li>\n                        \u2022\u3000Nh\u1eadn di\u1ec7n ng\u01b0\u1eddi truy c\u1eadp v\u00e0o website c\u1ee7a NDV;<br \/>\n                        \u2022\u3000Ph\u00e2n t\u00edch v\u00e0 t\u1ed1i \u01b0u website c\u1ee7a NDV;<br \/>\n                        \u2022\u3000Ph\u00e2n lo\u1ea1i, \u0110\u00e1nh gi\u00e1 v\u00e0 C\u1ea3i ti\u1ebfn S\u1ea3n ph\u1ea9m c\u1ee7a NDV nh\u1eb1m \u0111\u00e1nh gi\u00e1 vi\u1ec7c s\u1eed d\u1ee5ng, n\u00e2ng cao hi\u1ec7u su\u1ea5t, s\u1eeda l\u1ed7i, h\u1ed7 tr\u1ee3 v\u00e0 ph\u00e1t tri\u1ec3n S\u1ea3n ph\u1ea9m c\u1ee7a NDV.<br \/>\n                        \u2022\u3000C\u00e1c n\u1ed9i dung kh\u00e1c m\u00e0 NDV \u0111\u01b0\u1ee3c ph\u00e9p s\u1eed d\u1ee5ng Th\u00f4ng tin kh\u00f4ng tr\u00e1i v\u1edbi quy \u0111\u1ecbnh c\u1ee7a ph\u00e1p lu\u1eadt\n                        <\/li>\n<\/ul><\/div>\n<li style=\"font-family: sans-serif;\">Thu th\u1eadp v\u00e0 s\u1eed d\u1ee5ng cookie<\/li>\n<div class=\"comn\">\n<ul style=\"list-style-type: none;\">\n<li>Ch\u00fang t\u00f4i c\u00f3 th\u1ec3 s\u1eed d\u1ee5ng cookie v\u00e0 c\u00e1c c\u00f4ng ngh\u1ec7 t\u01b0\u01a1ng t\u1ef1 kh\u00e1c (g\u1ecdi chung l\u00e0 \u201ccookie\u201d) cho nhi\u1ec1u m\u1ee5c \u0111\u00edch kh\u00e1c nhau. Ch\u00fang t\u00f4i c\u00f3 th\u1ec3 s\u1eed d\u1ee5ng cookie \u0111\u1ec3 nh\u1eadn d\u1ea1ng tr\u00ecnh duy\u1ec7t ho\u1eb7c thi\u1ebft b\u1ecb c\u1ee7a b\u1ea1n, hi\u1ec3u th\u00eam v\u1ec1 t\u00f9y ch\u1ecdn c\u1ee7a b\u1ea1n, cung c\u1ea5p cho b\u1ea1n m\u1ed9t s\u1ed1 t\u00ednh n\u0103ng v\u00e0 d\u1ecbch v\u1ee5 c\u01a1 b\u1ea3n v\u00e0 cho c\u00e1c m\u1ee5c \u0111\u00edch kh\u00e1c, ch\u1eb3ng h\u1ea1n nh\u01b0:<\/li>\n<li>\n                    \u2022\u3000Nh\u1eadn d\u1ea1ng b\u1ea1n khi b\u1ea1n \u0111\u0103ng nh\u1eadp \u0111\u1ec3 s\u1eed d\u1ee5ng S\u1ea3n ph\u1ea9m c\u1ee7a NDV. \u0110i\u1ec1u n\u00e0y cho ph\u00e9p ch\u00fang t\u00f4i cung c\u1ea5p cho b\u1ea1n c\u00e1c \u0111\u1ec1 xu\u1ea5t, hi\u1ec3n th\u1ecb n\u1ed9i dung \u0111\u01b0\u1ee3c c\u00e1 nh\u00e2n h\u00f3a cho b\u1ea1n v\u00e0 cung c\u1ea5p c\u00e1c t\u00ednh n\u0103ng v\u00e0 d\u1ecbch v\u1ee5 t\u00f9y ch\u1ec9nh kh\u00e1c.<br \/>\n                    \u2022\u3000Ch\u00fa \u00fd \u0111\u1ebfn s\u1edf th\u00edch c\u1ee7a b\u1ea1n \u0111\u1ec3 ch\u00fang t\u00f4i c\u00f3 th\u1ec3 bi\u1ebft b\u1ea1n th\u00edch v\u00e0 kh\u00f4ng th\u00edch \u0111i\u1ec1u g\u00ec, ch\u1eb3ng h\u1ea1n nh\u01b0 ng\u00f4n ng\u1eef v\u00e0 c\u1ea5u h\u00ecnh m\u00e0 b\u1ea1n \u0111\u00e3 ch\u1ecdn.<br \/>\n                    \u2022\u3000Nghi\u00ean c\u1ee9u v\u00e0 ph\u00e2n t\u00edch th\u00f4ng tin \u0111\u1ec3 c\u1ea3i ti\u1ebfn S\u1ea3n ph\u1ea9m c\u1ee7a NDV.<br \/>\n                    \u2022\u3000Tu\u00e2n th\u1ee7 c\u00e1c ngh\u0129a v\u1ee5 ph\u00e1p l\u00fd nh\u01b0 m\u1ed9t ph\u1ea7n trong ho\u1ea1t \u0111\u1ed9ng kinh doanh chung c\u1ee7a ch\u00fang t\u00f4i.<br \/>\n                    \u2022\u3000Ng\u0103n ng\u1eeba gian l\u1eadn v\u00e0 c\u00e1c t\u00ecnh hu\u1ed1ng g\u00e2y ra m\u1ed1i \u0111e d\u1ecda ti\u1ec1m \u1ea9n \u0111\u1ed1i v\u1edbi s\u1ef1 an to\u00e0n ho\u1eb7c t\u00e0i s\u1ea3n c\u1ee7a b\u1ea5t k\u1ef3 ng\u01b0\u1eddi n\u00e0o.<br \/>\n                    \u2022\u3000B\u1ea3o v\u1ec7 th\u00f4ng tin c\u1ee7a b\u1ea1n v\u00e0 c\u00e1c d\u1ecbch v\u1ee5 c\u1ee7a ch\u00fang t\u00f4i kh\u1ecfi b\u1ecb truy c\u1eadp tr\u00e1i ph\u00e9p, t\u1ed5n th\u1ea5t v\u00e0 l\u1ea1m d\u1ee5ng. N\u00e2ng cao s\u1ef1 an to\u00e0n.<br \/>\n                    \u2022\u3000Cung c\u1ea5p n\u1ed9i dung, bao g\u1ed3m c\u1ea3 qu\u1ea3ng c\u00e1o, ph\u00f9 h\u1ee3p v\u1edbi s\u1edf th\u00edch c\u1ee7a b\u1ea1n tr\u00ean trang web c\u1ee7a ch\u00fang t\u00f4i v\u00e0 trang web c\u1ee7a b\u00ean th\u1ee9 ba. \u0110\u00e1nh gi\u00e1 hi\u1ec7u qu\u1ea3 ho\u1ea1t \u0111\u1ed9ng c\u1ee7a S\u1ea3n ph\u1ea9m c\u1ee7a NDV.\n                    <\/li>\n<p>                <\/br><\/p>\n<li>Cookies cho ph\u00e9p b\u1ea1n s\u1eed d\u1ee5ng m\u1ed9t s\u1ed1 t\u00ednh n\u0103ng thi\u1ebft y\u1ebfu c\u1ee7a ch\u00fang t\u00f4i. V\u00ed d\u1ee5: n\u1ebfu b\u1ea1n t\u1eeb ch\u1ed1i cookie c\u1ee7a ch\u00fang t\u00f4i, b\u1ea1n c\u00f3 th\u1ec3 kh\u00f4ng s\u1eed d\u1ee5ng \u0111\u01b0\u1ee3c m\u1ed9t s\u1ed1 s\u1ea3n ph\u1ea9m y\u00eau c\u1ea7u th\u00f4ng tin \u0111\u0103ng nh\u1eadp c\u1ee7a m\u00ecnh ho\u1eb7c b\u1ea1n c\u00f3 th\u1ec3 ph\u1ea3i \u0111i\u1ec1u ch\u1ec9nh m\u1ed9t s\u1ed1 t\u00f9y ch\u1ecdn ho\u1eb7c c\u00e0i \u0111\u1eb7t ng\u00f4n ng\u1eef theo c\u00e1ch th\u1ee7 c\u00f4ng m\u1ed7i khi truy c\u1eadp trang web ho\u1eb7c \u1ee9ng d\u1ee5ng c\u1ee7a ch\u00fang t\u00f4i.<\/li>\n<\/ul><\/div>\n<li style=\"font-family: sans-serif;\">Cam k\u1ebft b\u1ea3o m\u1eadt th\u00f4ng tin kh\u00e1ch h\u00e0ng<\/li>\n<div class=\"comn\">\n<ul style=\"list-style-type: none;\">\n<li>T\u1ea1i NDV, b\u1ea3o m\u1eadt l\u00e0 \u01b0u ti\u00ean h\u00e0ng \u0111\u1ea7u. Ch\u00fang t\u00f4i thi\u1ebft k\u1ebf h\u1ec7 th\u1ed1ng c\u1ee7a m\u00ecnh c\u00f3 t\u00ednh \u0111\u1ebfn b\u1ea3o m\u1eadt v\u00e0 quy\u1ec1n ri\u00eang t\u01b0 c\u1ee7a b\u1ea1n.<\/li>\n<li>\n                    \u2022\u3000Th\u00f4ng tin c\u00e1 nh\u00e2n c\u1ee7a kh\u00e1ch h\u00e0ng tr\u00ean website c\u1ee7a NDV \u0111\u01b0\u1ee3c cam k\u1ebft b\u1ea3o m\u1eadt tuy\u1ec7t \u0111\u1ed1i theo ch\u00ednh s\u00e1ch b\u1ea3o v\u1ec7 th\u00f4ng tin c\u00e1 nh\u00e2n c\u1ee7a NDV. Vi\u1ec7c thu th\u1eadp v\u00e0 s\u1eed d\u1ee5ng th\u00f4ng tin c\u1ee7a m\u1ed7i ng\u01b0\u1eddi truy c\u1eadp ch\u1ec9 \u0111\u01b0\u1ee3c th\u1ef1c hi\u1ec7n khi c\u00f3 s\u1ef1 \u0111\u1ed3ng \u00fd c\u1ee7a ng\u01b0\u1eddi d\u00f9ng \u0111\u00f3 tr\u1eeb nh\u1eefng tr\u01b0\u1eddng h\u1ee3p ph\u00e1p lu\u1eadt c\u00f3 quy \u0111\u1ecbnh kh\u00e1c.<br \/>\n                    \u2022\u3000Kh\u00f4ng s\u1eed d\u1ee5ng, kh\u00f4ng chuy\u1ec3n giao, cung c\u1ea5p hay ti\u1ebft l\u1ed9 cho b\u00ean th\u1ee9 3 n\u00e0o v\u1ec1 th\u00f4ng tin c\u00e1 nh\u00e2n c\u1ee7a kh\u00e1ch h\u00e0ng khi kh\u00f4ng c\u00f3 s\u1ef1 cho ph\u00e9p \u0111\u1ed3ng \u00fd t\u1eeb kh\u00e1ch h\u00e0ng.<br \/>\n                    \u2022\u3000Trong tr\u01b0\u1eddng h\u1ee3p m\u00e1y ch\u1ee7 l\u01b0u tr\u1eef th\u00f4ng tin b\u1ecb hacker t\u1ea5n c\u00f4ng d\u1eabn \u0111\u1ebfn m\u1ea5t m\u00e1t d\u1eef li\u1ec7u c\u00e1 nh\u00e2n, NDV s\u1ebd c\u00f3 tr\u00e1ch nhi\u1ec7m th\u00f4ng b\u00e1o v\u1ee5 vi\u1ec7c cho c\u01a1 quan ch\u1ee9c n\u0103ng \u0111i\u1ec1u tra x\u1eed l\u00fd k\u1ecbp th\u1eddi v\u00e0 th\u00f4ng b\u00e1o cho qu\u00fd kh\u00e1ch \u0111\u01b0\u1ee3c bi\u1ebft. \u0111\u1ec3 c\u00e1c th\u00e0nh vi\u00ean \u0111\u01b0\u1ee3c bi\u1ebft.<br \/>\n                    \u2022\u3000B\u1ea3o m\u1eadt tuy\u1ec7t \u0111\u1ed1i m\u1ecdi th\u00f4ng tin c\u1ee7a kh\u00e1ch h\u00e0ng\n                    <\/li>\n<\/ul><\/div>\n<li style=\"font-family: sans-serif;\">Ch\u00fang t\u00f4i l\u01b0u tr\u1eef th\u00f4ng tin c\u00e1 nh\u00e2n trong bao l\u00e2u<\/li>\n<div class=\"comn\">\n<ul style=\"list-style-type: none;\">\n<li>Ch\u00fang t\u00f4i gi\u1eef l\u1ea1i th\u00f4ng tin c\u00e1 nh\u00e2n c\u1ee7a b\u1ea1n \u0111\u1ec3 cung c\u1ea5p cho b\u1ea1n S\u1ea3n ph\u1ea9m c\u1ee7a NDV, mi\u1ec5n l\u00e0 th\u00f4ng tin \u0111\u00f3 c\u1ea7n thi\u1ebft \u0111\u1ec3 \u0111\u00e1p \u1ee9ng c\u00e1c m\u1ee5c \u0111\u00edch c\u00f3 li\u00ean quan \u0111\u01b0\u1ee3c m\u00f4 t\u1ea3 \u1edf \u0111\u00e2y, theo y\u00eau c\u1ea7u c\u1ee7a ph\u00e1p lu\u1eadt (bao g\u1ed3m c\u1ea3 m\u1ee5c \u0111\u00edch thu\u1ebf v\u00e0 k\u1ebf to\u00e1n) ho\u1eb7c khi \u0111\u01b0\u1ee3c th\u00f4ng b\u00e1o cho b\u1ea1n. Th\u1eddi gian ch\u00fang t\u00f4i l\u01b0u gi\u1eef m\u1ed9t s\u1ed1 th\u00f4ng tin c\u00e1 nh\u00e2n s\u1ebd kh\u00e1c nhau t\u00f9y theo m\u1ee5c \u0111\u00edch s\u1eed d\u1ee5ng v\u00e0 ch\u00fang t\u00f4i s\u1ebd tu\u00e2n th\u1ee7 lu\u1eadt ph\u00e1p khi x\u00f3a th\u00f4ng tin c\u00e1 nh\u00e2n c\u1ee7a b\u1ea1n.\n                        <\/li>\n<\/ul><\/div>\n<li style=\"font-family: sans-serif;\">Li\u00ean h\u1ec7 v\u1edbi ch\u00fang t\u00f4i v\u00e0 c\u1eadp nh\u1eadt<\/li>\n<div class=\"comn\">\n<ul style=\"list-style-type: none;\">\n<li>N\u1ebfu b\u1ea1n c\u00f3 b\u1ea5t k\u1ef3 c\u00e2u h\u1ecfi n\u00e0o v\u1ec1 quy\u1ec1n ri\u00eang t\u01b0 t\u1ea1i NDV, Ch\u00ednh s\u00e1ch quy\u1ec1n ri\u00eang t\u01b0 n\u00e0y ho\u1eb7c c\u00e1c ho\u1ea1t \u0111\u1ed9ng x\u1eed l\u00fd d\u1eef li\u1ec7u c\u1ee7a ch\u00fang t\u00f4i, vui l\u00f2ng li\u00ean h\u1ec7 v\u1edbi ch\u00fang t\u00f4i theo \u0111\u1ecba ch\u1ec9 b\u00ean d\u01b0\u1edbi:\n                    <\/li>\n<p><\/p>\n<li>\n                        Email: <span style=\"font-weight:bold;font-size: 96%;font-family: sans-serif;\">info_ndv@n-denkei.com.vn<\/span><br \/>\n                        \u0110\u1ecba ch\u1ec9: <span style=\"font-weight:bold;font-size: 96%;font-family: sans-serif;\">T\u1ea7ng 4-5, s\u1ed1 79 Tr\u1ea7n Th\u00e1i T\u00f4ng, ph\u01b0\u1eddng D\u1ecbch V\u1ecdng, qu\u1eadn C\u1ea7u Gi\u1ea5y, Th\u00e0nh ph\u1ed1 H\u00e0 N\u1ed9i, Vi\u1ec7t Nam.<\/span>\n                    <\/li>\n<p>                <\/br><\/p>\n<li>\n                    Ho\u1ea1t \u0111\u1ed9ng kinh doanh c\u1ee7a ch\u00fang t\u00f4i thay \u0111\u1ed5i li\u00ean t\u1ee5c v\u00e0 Ch\u00ednh s\u00e1ch quy\u1ec1n ri\u00eang t\u01b0 c\u1ee7a ch\u00fang t\u00f4i c\u0169ng c\u00f3 th\u1ec3 thay \u0111\u1ed5i. B\u1ea1n n\u00ean ki\u1ec3m tra trang web c\u1ee7a ch\u00fang t\u00f4i th\u01b0\u1eddng xuy\u00ean \u0111\u1ec3 xem c\u00e1c c\u1eadp nh\u1eadt g\u1ea7n \u0111\u00e2y. Tr\u1eeb khi c\u00f3 quy \u0111\u1ecbnh kh\u00e1c, Ch\u00ednh s\u00e1ch quy\u1ec1n ri\u00eang t\u01b0 hi\u1ec7n t\u1ea1i c\u1ee7a ch\u00fang t\u00f4i \u00e1p d\u1ee5ng cho t\u1ea5t c\u1ea3 th\u00f4ng tin c\u00e1 nh\u00e2n m\u00e0 ch\u00fang t\u00f4i c\u00f3 v\u1ec1 b\u1ea1n v\u00e0 t\u00e0i kho\u1ea3n c\u1ee7a b\u1ea1n. Ch\u00fang t\u00f4i s\u1ebd kh\u00f4ng c\u1eadp nh\u1eadt Ch\u00ednh s\u00e1ch quy\u1ec1n ri\u00eang t\u01b0 c\u1ee7a m\u00ecnh \u0111\u1ec3 gi\u1ea3m b\u1edbt kh\u1ea3 n\u0103ng b\u1ea3o v\u1ec7 th\u00f4ng tin c\u00e1 nh\u00e2n \u0111\u01b0\u1ee3c thu th\u1eadp trong qu\u00e1 kh\u1ee9 m\u00e0 kh\u00f4ng cho kh\u00e1ch h\u00e0ng c\u00f3 li\u00ean quan bi\u1ebft v\u00e0 cung c\u1ea5p cho h\u1ecd l\u1ef1a ch\u1ecdn.\n                    <\/li>\n<p><\/p>\n<li>\n                    Ch\u00ednh s\u00e1ch Quy\u1ec1n ri\u00eang t\u01b0 n\u00e0y \u0111\u01b0\u1ee3c c\u1eadp nh\u1eadt l\u1ea7n cu\u1ed1i v\u00e0o ng\u00e0y \u0111\u1ea7u ti\u00ean \u0111\u01b0\u1ee3c x\u00e1c \u0111\u1ecbnh \u1edf tr\u00ean v\u00e0 t\u1ea5t c\u1ea3 c\u00e1c b\u1ea3n c\u1eadp nh\u1eadt s\u1ebd \u0111\u01b0\u1ee3c \u0111\u0103ng tr\u00ean trang n\u00e0y.\n                    <\/li>\n<\/ul><\/div>\n<\/p><\/div>\n","protected":false},"excerpt":{"rendered":"<p>Cam k\u1ebft b\u1ea3o v\u1ec7 quy\u1ec1n ri\u00eang t\u01b0 d\u1eef li\u1ec7u C\u00f4ng ty TNHH Nihon Denkei Vi\u1ec7t Nam(sau \u0111\u00e2y g\u1ecdi l\u00e0 \u201cNDV\u201d) thu th\u1eadp v\u00e0 s\u1eed d\u1ee5ng th\u00f4ng tin c\u00e1 nh\u00e2n c\u1ee7a b\u1ea1n li\u00ean quan \u0111\u1ebfn c\u00e1c trang web, \u1ee9ng d\u1ee5ng, s\u1ea3n ph\u1ea9m v\u00e0 d\u1ecbch v\u1ee5 c\u1ee7a Denkei Vi\u1ec7t Nam (g\u1ecdi chung l\u00e0 \u201cS\u1ea3n ph\u1ea9m c\u1ee7a NDV\u201d)\u2026<\/p>\n","protected":false},"author":1,"featured_media":0,"parent":11,"menu_order":0,"comment_status":"closed","ping_status":"closed","template":"page-toppage.php","meta":{"_mi_skip_tracking":false,"_monsterinsights_sitenote_active":false,"_monsterinsights_sitenote_note":"","_monsterinsights_sitenote_category":0},"acf":[],"aioseo_notices":[],"_links":{"self":[{"href":"https:\/\/www.n-denkei.com\/vietnam\/wp-json\/wp\/v2\/pages\/5644"}],"collection":[{"href":"https:\/\/www.n-denkei.com\/vietnam\/wp-json\/wp\/v2\/pages"}],"about":[{"href":"https:\/\/www.n-denkei.com\/vietnam\/wp-json\/wp\/v2\/types\/page"}],"author":[{"embeddable":true,"href":"https:\/\/www.n-denkei.com\/vietnam\/wp-json\/wp\/v2\/users\/1"}],"replies":[{"embeddable":true,"href":"https:\/\/www.n-denkei.com\/vietnam\/wp-json\/wp\/v2\/comments?post=5644"}],"version-history":[{"count":3,"href":"https:\/\/www.n-denkei.com\/vietnam\/wp-json\/wp\/v2\/pages\/5644\/revisions"}],"predecessor-version":[{"id":6114,"href":"https:\/\/www.n-denkei.com\/vietnam\/wp-json\/wp\/v2\/pages\/5644\/revisions\/6114"}],"up":[{"embeddable":true,"href":"https:\/\/www.n-denkei.com\/vietnam\/wp-json\/wp\/v2\/pages\/11"}],"wp:attachment":[{"href":"https:\/\/www.n-denkei.com\/vietnam\/wp-json\/wp\/v2\/media?parent=5644"}],"curies":[{"name":"wp","href":"https:\/\/api.w.org\/{rel}","templated":true}]}}